{"id":53624,"date":"2022-09-05T08:59:15","date_gmt":"2022-09-05T07:59:15","guid":{"rendered":"https:\/\/be.airproducts.online\/?page_id=53624"},"modified":"2026-01-29T16:28:23","modified_gmt":"2026-01-29T16:28:23","slug":"purchase-compressed-gases","status":"publish","type":"page","link":"https:\/\/be.airproducts.online\/fr\/purchase-compressed-gases\/","title":{"rendered":"Purchase Compressed Gases"},"content":{"rendered":"<h1>Inscrivez-vous \u00e0 la formation en ligne sur les gaz comprim\u00e9s<\/h1>\r\n<p><strong>Cours d'apprentissage en ligne interactif et engageant sur les gaz comprim\u00e9s. Convient aux personnes impliqu\u00e9es dans l'utilisation, la manipulation ou l'achat de bouteilles sous pression.<\/strong><\/p>\r\n<p>Ce cours dure environ 90 minutes. Les \u00e9tudiants peuvent interrompre et reprendre le cours \u00e0 tout moment.<\/p>\r\n<p>L'objectif de ce cours est de fournir aux utilisateurs et aux personnes travaillant avec des bouteilles les informations n\u00e9cessaires pour travailler avec des gaz comprim\u00e9s de mani\u00e8re s\u00fbre et saine.<\/p>\r\n<h3>\u00c0 qui s'adresse ce cours ?<\/h3>\r\n<p>Ce cours s'adresse \u00e0 toute personne travaillant avec ou manipulant des gaz comprim\u00e9s et les \u00e9quipements associ\u00e9s, tels que les d\u00e9tendeur, les tuyaux et les collecteurs.<\/p>\r\n<h3>Certification<\/h3>\r\n<p>Une fois le cours termin\u00e9, un certificat de r\u00e9ussite valide pour une p\u00e9riode de 3 ans sera d\u00e9livr\u00e9 aux participants.<\/p>\r\n<h3>Pourquoi cette formation?<\/h3>\r\n<p>Le cours vise \u00e0 informer les participants sur l'utilisation des gaz comprim\u00e9s de mani\u00e8re s\u00fbre et sans danger pour la sant\u00e9.<\/p>\r\n<h3>Dur\u00e9e approximative:<\/h3>\r\n<p>La formation en ligne sur la s\u00e9curit\u00e9 des gaz comprim\u00e9s doit prendre environ 1,5 heures.<\/br>\nLes participants peuvent quitter la formation et y revenir si n\u00e9cessaire.<\/p>\r\n<h3>Les sujets abord\u00e9s<\/h3>\r\n<h3>Une fois la formation termin\u00e9e, les participants auront une meilleure compr\u00e9hension des points suivants:<\/h3>\r\n<p>Acheter pour VOUS \u20ac65<\/p>\r\n<h3>Acheter le cours pour un seul d\u00e9l\u00e9gu\u00e9<\/h3>\r\n<p>&nbsp;<\/p>\r\n<p><strong>Achetez votre formation et commencez \u00e0 vous former imm\u00e9diatement<\/strong><\/p>\r\n<p>65\u20ac<\/p>\r\n<p><strong><a href=\"\/fr\/cartflows_flow\/default-checkout\/checkout-woo\/\">Inscrivez maintenant<\/a><\/strong><\/p>\r\n<p>Achat pour AUTRES ou PLUSIEURS apprenants (\u00c0 PARTIR DE \u20ac65)<\/p>\r\n<h2>Vous avez besoin de former un ou plusieurs employ\u00e9s?<\/h2>\r\n<p><strong>Acheter des licences<\/strong><\/p>\r\n<p>D\u00e9cidez du nombre de personnes que vous souhaitez former, ainsi que du nom du groupe. Chaque participant doit avoir son propre si\u00e8ge. Chaque si\u00e8ge ne peut \u00eatre utilis\u00e9 qu'une seule fois. Vous pouvez acheter plusieurs si\u00e8ges pour un groupe (des codes de remise group\u00e9e* seront automatiquement appliqu\u00e9s selon le cas). Vous pourrez acheter des si\u00e8ges suppl\u00e9mentaires \u00e0 l'avenir.<\/p>\r\n<p><strong>G\u00e9rer vos apprenants<\/strong><\/p>\r\n<p>Une fois votre achat termin\u00e9, vous pouvez nommer d'autres responsables de groupe. Les responsables de groupe peuvent ajouter des utilisateurs au groupe, les inviter \u00e0 commencer leur formation et suivre leur progression. Les responsables de groupe n'ont pas besoin d'un si\u00e8ge et ne seront pas automatiquement inscrits au cours.<\/p>\r\n<p>&nbsp;<\/p>\r\n<p><bdi>\u20ac65.00<\/bdi> \/ Seat<\/p>\r\n<form action=\"https:\/\/be.airproducts.online\/fr\/produit\/compressed-gases-safety-group-license\/\" enctype=\"multipart\/form-data\" method=\"post\" data-trp-original-action=\"https:\/\/be.airproducts.online\/product\/compressed-gases-safety-group-license\/\"><label for=\"quantity_65254df31b5f9\">Compressed Gases Safety Group License quantity<\/label> <input id=\"quantity_65254df31b5f9\" class=\"input-text qty text\" autocomplete=\"off\" max=\"\" min=\"1\" name=\"quantity\" size=\"4\" step=\"1\" type=\"number\" value=\"1\" placeholder=\"\" aria-label=\"Product quantity\" \/> <button name=\"add-to-cart\" type=\"submit\" value=\"51785\">Acheter des places<\/button><input type=\"hidden\" name=\"trp-form-language\" value=\"fr\"\/><\/form><!-- product-content --><!-- summary --><!-- woopack-single-product -->\r\n<p>S\u00e9lectionnez le nombre des places dont vous avez besoin<br \/><strong>Des r\u00e9ductions sont disponibles lorsque vous achetez 10 places ou plus.<br \/><\/strong><\/p>\r\n<p>Nous sommes toujours disponibles pour vous aider, si vous avez besoin d'aide.<\/p>\r\n<p><img decoding=\"async\" title=\"Image de s\u00e9curit\u00e9 pour les gaz comprim\u00e9s\" src=\"https:\/\/be.airproducts.online\/wp-content\/uploads\/sites\/20\/2023\/01\/Comp-Gas-SQU-EL-French-v3.png\" alt=\"Compressed_gases_safety_image\" \/><\/p>\r\n<h3>A propos de cette formation en ligne<\/h3>\r\n<h2>La formation en ligne sur la s\u00e9curit\u00e9 des gaz comprim\u00e9s en bref:<\/h2>\r\n<ul>\r\n<li>La formation en ligne sur la s\u00e9curit\u00e9 des gaz comprim\u00e9s doit prendre environ 1,5 heures.<\/li>\r\n<li>Compatible avec tous les appareils.<\/li>\r\n<li>Pr\u00e9sentation sous forme de diapositives comment\u00e9es avec vid\u00e9o et questionnaire pour tester les connaissances et maintenir l'engagement du participant.<\/li>\r\n<li>Les participants peuvent arr\u00eater et reprendre un cours \u00e0 leur convenance.<\/li>\r\n<li>Pour recevoir un certificat de formation, les participants doivent r\u00e9pondre avec succ\u00e8s \u00e0 un questionnaire final \u00e0 choix multiples<\/li>\r\n<li>Un taux de r\u00e9ussite de 80 % est requis pour recevoir un certificat de formation.<\/li>\r\n<li>Les participants ont deux tentatives pour le test final, ils peuvent revoir le module librement s'ils \u00e9chouent au test la premi\u00e8re fois.<\/li>\r\n<li>Apr\u00e8s un deuxi\u00e8me \u00e9chec au test, le module complet doit \u00eatre revu avant de recommencer le test.<\/li>\r\n<\/ul>","protected":false},"excerpt":{"rendered":"<p>Register for e-learning on Compressed Gas Safety Interactive and engaging e-Learning course on compressed gases. Suitable for those involved in the use, handling or purchasing of pressurised cylinders. It takes approximately 90 minutes to complete this course. Students can pause and resume the course at any time. The aim of the course is to provide [&hellip;]<\/p>\n","protected":false},"author":1,"featured_media":0,"parent":0,"menu_order":0,"comment_status":"closed","ping_status":"closed","template":"","meta":{"site-sidebar-layout":"no-sidebar","site-content-layout":"page-builder","ast-site-content-layout":"full-width-container","site-content-style":"unboxed","site-sidebar-style":"unboxed","ast-global-header-display":"","ast-banner-title-visibility":"","ast-main-header-display":"","ast-hfb-above-header-display":"","ast-hfb-below-header-display":"","ast-hfb-mobile-header-display":"","site-post-title":"disabled","ast-breadcrumbs-content":"","ast-featured-img":"disabled","footer-sml-layout":"","ast-disable-related-posts":"","theme-transparent-header-meta":"default","adv-header-id-meta":"","stick-header-meta":"default","header-above-stick-meta":"","header-main-stick-meta":"","header-below-stick-meta":"","astra-migrate-meta-layouts":"set","ast-page-background-enabled":"default","ast-page-background-meta":{"desktop":{"background-color":"","background-image":"","background-repeat":"repeat","background-position":"center center","background-size":"auto","background-attachment":"scroll","background-type":"","background-media":"","overlay-type":"","overlay-color":"","overlay-opacity":"","overlay-gradient":""},"tablet":{"background-color":"","background-image":"","background-repeat":"repeat","background-position":"center center","background-size":"auto","background-attachment":"scroll","background-type":"","background-media":"","overlay-type":"","overlay-color":"","overlay-opacity":"","overlay-gradient":""},"mobile":{"background-color":"","background-image":"","background-repeat":"repeat","background-position":"center center","background-size":"auto","background-attachment":"scroll","background-type":"","background-media":"","overlay-type":"","overlay-color":"","overlay-opacity":"","overlay-gradient":""}},"ast-content-background-meta":{"desktop":{"background-color":"var(--ast-global-color-5)","background-image":"","background-repeat":"repeat","background-position":"center center","background-size":"auto","background-attachment":"scroll","background-type":"","background-media":"","overlay-type":"","overlay-color":"","overlay-opacity":"","overlay-gradient":""},"tablet":{"background-color":"var(--ast-global-color-5)","background-image":"","background-repeat":"repeat","background-position":"center center","background-size":"auto","background-attachment":"scroll","background-type":"","background-media":"","overlay-type":"","overlay-color":"","overlay-opacity":"","overlay-gradient":""},"mobile":{"background-color":"var(--ast-global-color-5)","background-image":"","background-repeat":"repeat","background-position":"center center","background-size":"auto","background-attachment":"scroll","background-type":"","background-media":"","overlay-type":"","overlay-color":"","overlay-opacity":"","overlay-gradient":""}},"footnotes":""},"class_list":["post-53624","page","type-page","status-publish","hentry"],"_links":{"self":[{"href":"https:\/\/be.airproducts.online\/fr\/wp-json\/wp\/v2\/pages\/53624","targetHints":{"allow":["GET"]}}],"collection":[{"href":"https:\/\/be.airproducts.online\/fr\/wp-json\/wp\/v2\/pages"}],"about":[{"href":"https:\/\/be.airproducts.online\/fr\/wp-json\/wp\/v2\/types\/page"}],"author":[{"embeddable":true,"href":"https:\/\/be.airproducts.online\/fr\/wp-json\/wp\/v2\/users\/1"}],"replies":[{"embeddable":true,"href":"https:\/\/be.airproducts.online\/fr\/wp-json\/wp\/v2\/comments?post=53624"}],"version-history":[{"count":11,"href":"https:\/\/be.airproducts.online\/fr\/wp-json\/wp\/v2\/pages\/53624\/revisions"}],"predecessor-version":[{"id":54745,"href":"https:\/\/be.airproducts.online\/fr\/wp-json\/wp\/v2\/pages\/53624\/revisions\/54745"}],"wp:attachment":[{"href":"https:\/\/be.airproducts.online\/fr\/wp-json\/wp\/v2\/media?parent=53624"}],"curies":[{"name":"wp","href":"https:\/\/api.w.org\/{rel}","templated":true}]}}