{"id":60,"date":"2021-01-06T12:12:35","date_gmt":"2021-01-06T12:12:35","guid":{"rendered":"https:\/\/airproducts.pgs.training\/?page_id=60"},"modified":"2026-01-29T16:03:49","modified_gmt":"2026-01-29T16:03:49","slug":"purchase-courses","status":"publish","type":"page","link":"https:\/\/be.airproducts.online\/fr\/","title":{"rendered":"Acheter des cours d'apprentissage en ligne"},"content":{"rendered":"<h1>Acheter des cours d'apprentissage en ligne<\/h1><h2>Les cours d'apprentissage en ligne suivants sont disponibles aupr\u00e8s d'Air Products, en partenariat avec Proactive Gas Safety.<\/h2>\n\t\t<h3><a href=\"\/fr\/purchase-compressed-gases\/\" target=\"_self\">S\u00e9curit\u00e9 des gaz comprim\u00e9s<\/a><\/h3><p><strong>Cours d'apprentissage en ligne interactif et attrayant sur les gaz comprim\u00e9s. Les sujets abord\u00e9s comprennent les exigences l\u00e9gales et les meilleures pratiques, les bouteilles de gaz, les gaz et leurs dangers, la manipulation et le stockage manuels, l'identification et l'\u00e9tiquetage des bouteilles. Convient \u00e0 ceux qui sont impliqu\u00e9s dans l'utilisation, la manipulation ou l'achat de bouteilles pressuris\u00e9es.<\/strong><\/p>\n<p>L'objectif de ce cours est de fournir aux utilisateurs et \u00e0 ceux qui travaillent avec des bouteilles les informations n\u00e9cessaires pour que les gaz comprim\u00e9s soient utilis\u00e9s de mani\u00e8re s\u00fbre et saine.<\/p>\n<p>Le cours dure environ 90 minutes.<\/p>\n\t\t\t<a href=\"\/fr\/purchase-compressed-gases\/\" target=\"_self\">\n\t\t\t\t\t\t\ten savoir plus\n\t\t\t\t\t<\/a>\n\t\t\t<h2>A propos de nos cours e-Learning<\/h2>\t\t\t\n\t\t\t\t<ul>\n<li>Compatible avec tous les appareils.<\/li>\n<li>Pr\u00e9sentation sous forme de diapositives comment\u00e9es avec vid\u00e9o et questionnaire pour tester les connaissances et maintenir l'engagement du participant.<\/li>\n<li>Les participants peuvent arr\u00eater et reprendre un cours \u00e0 leur convenance.<\/li>\n<li>Pour recevoir un certificat de formation, les participants doivent r\u00e9pondre avec succ\u00e8s \u00e0 un questionnaire final \u00e0 choix multiples.<\/li>\n<li>Un taux de r\u00e9ussite de 80 % est requis pour recevoir un certificat de formation.<\/li>\n<li>Les participants ont deux tentatives pour le test final, ils peuvent revoir le module librement s'ils \u00e9chouent au test la premi\u00e8re fois.<\/li>\n<li>Apr\u00e8s un deuxi\u00e8me \u00e9chec au test, le module complet doit \u00eatre revu avant de recommencer le test.<\/li>\n<\/ul>","protected":false},"excerpt":{"rendered":"<p>Purchase E-Learning Courses The following E-Learning courses are available from Air Products, in partnership with Proactive Gas Safety Compressed Gases Safety Interactive &amp; engaging e-Learning course on compressed gases. Topics covered include, Legal requirements and best practices; gas cylinders, gases and their hazards; manual handling and storage; cylinder identification and labelling. Suitable for those who [&hellip;]<\/p>\n","protected":false},"author":1,"featured_media":0,"parent":0,"menu_order":0,"comment_status":"closed","ping_status":"closed","template":"","meta":{"site-sidebar-layout":"no-sidebar","site-content-layout":"page-builder","ast-site-content-layout":"full-width-container","site-content-style":"unboxed","site-sidebar-style":"unboxed","ast-global-header-display":"","ast-banner-title-visibility":"","ast-main-header-display":"disabled","ast-hfb-above-header-display":"","ast-hfb-below-header-display":"","ast-hfb-mobile-header-display":"","site-post-title":"disabled","ast-breadcrumbs-content":"","ast-featured-img":"disabled","footer-sml-layout":"","ast-disable-related-posts":"","theme-transparent-header-meta":"default","adv-header-id-meta":"","stick-header-meta":"default","header-above-stick-meta":"","header-main-stick-meta":"","header-below-stick-meta":"","astra-migrate-meta-layouts":"set","ast-page-background-enabled":"default","ast-page-background-meta":{"desktop":{"background-color":"","background-image":"","background-repeat":"repeat","background-position":"center center","background-size":"auto","background-attachment":"scroll","background-type":"","background-media":"","overlay-type":"","overlay-color":"","overlay-opacity":"","overlay-gradient":""},"tablet":{"background-color":"","background-image":"","background-repeat":"repeat","background-position":"center center","background-size":"auto","background-attachment":"scroll","background-type":"","background-media":"","overlay-type":"","overlay-color":"","overlay-opacity":"","overlay-gradient":""},"mobile":{"background-color":"","background-image":"","background-repeat":"repeat","background-position":"center center","background-size":"auto","background-attachment":"scroll","background-type":"","background-media":"","overlay-type":"","overlay-color":"","overlay-opacity":"","overlay-gradient":""}},"ast-content-background-meta":{"desktop":{"background-color":"var(--ast-global-color-5)","background-image":"","background-repeat":"repeat","background-position":"center center","background-size":"auto","background-attachment":"scroll","background-type":"","background-media":"","overlay-type":"","overlay-color":"","overlay-opacity":"","overlay-gradient":""},"tablet":{"background-color":"var(--ast-global-color-5)","background-image":"","background-repeat":"repeat","background-position":"center center","background-size":"auto","background-attachment":"scroll","background-type":"","background-media":"","overlay-type":"","overlay-color":"","overlay-opacity":"","overlay-gradient":""},"mobile":{"background-color":"var(--ast-global-color-5)","background-image":"","background-repeat":"repeat","background-position":"center center","background-size":"auto","background-attachment":"scroll","background-type":"","background-media":"","overlay-type":"","overlay-color":"","overlay-opacity":"","overlay-gradient":""}},"footnotes":""},"class_list":["post-60","page","type-page","status-publish","hentry"],"_links":{"self":[{"href":"https:\/\/be.airproducts.online\/fr\/wp-json\/wp\/v2\/pages\/60","targetHints":{"allow":["GET"]}}],"collection":[{"href":"https:\/\/be.airproducts.online\/fr\/wp-json\/wp\/v2\/pages"}],"about":[{"href":"https:\/\/be.airproducts.online\/fr\/wp-json\/wp\/v2\/types\/page"}],"author":[{"embeddable":true,"href":"https:\/\/be.airproducts.online\/fr\/wp-json\/wp\/v2\/users\/1"}],"replies":[{"embeddable":true,"href":"https:\/\/be.airproducts.online\/fr\/wp-json\/wp\/v2\/comments?post=60"}],"version-history":[{"count":11,"href":"https:\/\/be.airproducts.online\/fr\/wp-json\/wp\/v2\/pages\/60\/revisions"}],"predecessor-version":[{"id":54742,"href":"https:\/\/be.airproducts.online\/fr\/wp-json\/wp\/v2\/pages\/60\/revisions\/54742"}],"wp:attachment":[{"href":"https:\/\/be.airproducts.online\/fr\/wp-json\/wp\/v2\/media?parent=60"}],"curies":[{"name":"wp","href":"https:\/\/api.w.org\/{rel}","templated":true}]}}