{"id":75,"date":"2021-01-06T12:42:39","date_gmt":"2021-01-06T12:42:39","guid":{"rendered":"https:\/\/airproducts.pgs.training\/?page_id=75"},"modified":"2021-01-20T15:07:18","modified_gmt":"2021-01-20T15:07:18","slug":"about-us","status":"publish","type":"page","link":"https:\/\/be.airproducts.online\/fr\/about-us\/","title":{"rendered":"\u00c0 propos de nous"},"content":{"rendered":"<h2>This site provides access to the Compressed Gases Safety course from Air Products in partnership with Proactive Gas Safety Ltd.<\/h2>\r\n<p>Air Products est r\u00e9put\u00e9 pour son excellent service \u00e0 la client\u00e8le, Proactive Gas Safety pour la qualit\u00e9 exceptionnelle de ses formations.<br \/>We have partnered together in a commitment to exceed our customers&#8217; expectations in every<br \/>de leurs besoins en gaz.<br \/>Ces programmes de formation ont \u00e9t\u00e9 soigneusement con\u00e7us pour fournir des informations importantes qui aideront les utilisateurs \u00e0 travailler en toute s\u00e9curit\u00e9 avec les gaz comprim\u00e9s et les \u00e9quipements associ\u00e9s. <a role=\"button\" href=\"mailto:BRYANTD1@airproducts.com\" target=\"_blank\" rel=\"noopener\"> Contactez Air Products <\/a> <a role=\"button\" href=\"https:\/\/pgstraining.com\/contact-us\/\" target=\"_blank\" rel=\"noopener\"> Contactez Proactive Gas Safety <\/a><\/p>","protected":false},"excerpt":{"rendered":"<p>This site provides access to the Compressed Gases Safety course from Air Products in partnership with Proactive Gas Safety Ltd. Air Products have a reputation for excellent customer service, Proactive Gas Safety for outstanding quality of training.We have partnered together in a commitment to exceed our customers&#8217; expectations in everyaspect of their gas requirements.These training [&hellip;]<\/p>\n","protected":false},"author":1,"featured_media":0,"parent":0,"menu_order":0,"comment_status":"closed","ping_status":"closed","template":"","meta":{"site-sidebar-layout":"no-sidebar","site-content-layout":"page-builder","ast-site-content-layout":"default","site-content-style":"default","site-sidebar-style":"default","ast-global-header-display":"","ast-banner-title-visibility":"","ast-main-header-display":"","ast-hfb-above-header-display":"","ast-hfb-below-header-display":"","ast-hfb-mobile-header-display":"","site-post-title":"disabled","ast-breadcrumbs-content":"","ast-featured-img":"disabled","footer-sml-layout":"","ast-disable-related-posts":"","theme-transparent-header-meta":"default","adv-header-id-meta":"","stick-header-meta":"default","header-above-stick-meta":"","header-main-stick-meta":"","header-below-stick-meta":"","astra-migrate-meta-layouts":"default","ast-page-background-enabled":"default","ast-page-background-meta":{"desktop":{"background-color":"","background-image":"","background-repeat":"repeat","background-position":"center center","background-size":"auto","background-attachment":"scroll","background-type":"","background-media":"","overlay-type":"","overlay-color":"","overlay-opacity":"","overlay-gradient":""},"tablet":{"background-color":"","background-image":"","background-repeat":"repeat","background-position":"center center","background-size":"auto","background-attachment":"scroll","background-type":"","background-media":"","overlay-type":"","overlay-color":"","overlay-opacity":"","overlay-gradient":""},"mobile":{"background-color":"","background-image":"","background-repeat":"repeat","background-position":"center center","background-size":"auto","background-attachment":"scroll","background-type":"","background-media":"","overlay-type":"","overlay-color":"","overlay-opacity":"","overlay-gradient":""}},"ast-content-background-meta":{"desktop":{"background-color":"var(--ast-global-color-5)","background-image":"","background-repeat":"repeat","background-position":"center center","background-size":"auto","background-attachment":"scroll","background-type":"","background-media":"","overlay-type":"","overlay-color":"","overlay-opacity":"","overlay-gradient":""},"tablet":{"background-color":"var(--ast-global-color-5)","background-image":"","background-repeat":"repeat","background-position":"center center","background-size":"auto","background-attachment":"scroll","background-type":"","background-media":"","overlay-type":"","overlay-color":"","overlay-opacity":"","overlay-gradient":""},"mobile":{"background-color":"var(--ast-global-color-5)","background-image":"","background-repeat":"repeat","background-position":"center center","background-size":"auto","background-attachment":"scroll","background-type":"","background-media":"","overlay-type":"","overlay-color":"","overlay-opacity":"","overlay-gradient":""}},"footnotes":""},"class_list":["post-75","page","type-page","status-publish","hentry"],"_links":{"self":[{"href":"https:\/\/be.airproducts.online\/fr\/wp-json\/wp\/v2\/pages\/75","targetHints":{"allow":["GET"]}}],"collection":[{"href":"https:\/\/be.airproducts.online\/fr\/wp-json\/wp\/v2\/pages"}],"about":[{"href":"https:\/\/be.airproducts.online\/fr\/wp-json\/wp\/v2\/types\/page"}],"author":[{"embeddable":true,"href":"https:\/\/be.airproducts.online\/fr\/wp-json\/wp\/v2\/users\/1"}],"replies":[{"embeddable":true,"href":"https:\/\/be.airproducts.online\/fr\/wp-json\/wp\/v2\/comments?post=75"}],"version-history":[{"count":0,"href":"https:\/\/be.airproducts.online\/fr\/wp-json\/wp\/v2\/pages\/75\/revisions"}],"wp:attachment":[{"href":"https:\/\/be.airproducts.online\/fr\/wp-json\/wp\/v2\/media?parent=75"}],"curies":[{"name":"wp","href":"https:\/\/api.w.org\/{rel}","templated":true}]}}