{"id":51785,"date":"2022-02-04T12:46:00","date_gmt":"2022-02-04T12:46:00","guid":{"rendered":"https:\/\/be.airproducts.online\/?post_type=product&#038;p=51785"},"modified":"2023-02-10T13:14:20","modified_gmt":"2023-02-10T13:14:20","slug":"compressed-gases-safety-group-license","status":"publish","type":"product","link":"https:\/\/be.airproducts.online\/fr\/produit\/compressed-gases-safety-group-license\/","title":{"rendered":"Gaz comprim\u00e9s. licence group\u00e9s"},"content":{"rendered":"","protected":false},"excerpt":{"rendered":"<p>D\u00e9cidez du nombre de personnes que vous souhaitez former. Vous pouvez sp\u00e9cifier un nom pour votre groupe lors de la commande. Chaque apprenant aura besoin de son propre si\u00e8ge. Chaque si\u00e8ge ne peut \u00eatre utilis\u00e9 qu'une seule fois. Vous pouvez acheter plusieurs si\u00e8ges pour un groupe (les codes de r\u00e9duction pour groupes* seront appliqu\u00e9s automatiquement, le cas \u00e9ch\u00e9ant). Vous pourrez acheter des si\u00e8ges suppl\u00e9mentaires \u00e0 l'avenir.<\/p>\n<p>Une fois que vous avez effectu\u00e9 votre achat, vous pouvez nommer des chefs de groupe suppl\u00e9mentaires. Les chefs de groupe peuvent ajouter des utilisateurs au groupe, les inviter \u00e0 commencer leur formation et suivre leurs progr\u00e8s. Les chefs de groupe n'ont pas besoin d'un si\u00e8ge et ne seront pas automatiquement inscrits au cours.<\/p>\n<p>Notre \u00e9quipe d'assistance est toujours \u00e0 port\u00e9e de main, si vous avez besoin d'aide.<\/p>","protected":false},"featured_media":101,"template":"","meta":{"site-sidebar-layout":"default","site-content-layout":"default","ast-site-content-layout":"default","site-content-style":"default","site-sidebar-style":"default","ast-global-header-display":"","ast-banner-title-visibility":"","ast-main-header-display":"","ast-hfb-above-header-display":"","ast-hfb-below-header-display":"","ast-hfb-mobile-header-display":"","site-post-title":"","ast-breadcrumbs-content":"","ast-featured-img":"","footer-sml-layout":"","ast-disable-related-posts":"","theme-transparent-header-meta":"default","adv-header-id-meta":"","stick-header-meta":"default","header-above-stick-meta":"","header-main-stick-meta":"","header-below-stick-meta":"","astra-migrate-meta-layouts":"default","ast-page-background-enabled":"default","ast-page-background-meta":{"desktop":{"background-color":"","background-image":"","background-repeat":"repeat","background-position":"center center","background-size":"auto","background-attachment":"scroll","background-type":"","background-media":"","overlay-type":"","overlay-color":"","overlay-opacity":"","overlay-gradient":""},"tablet":{"background-color":"","background-image":"","background-repeat":"repeat","background-position":"center center","background-size":"auto","background-attachment":"scroll","background-type":"","background-media":"","overlay-type":"","overlay-color":"","overlay-opacity":"","overlay-gradient":""},"mobile":{"background-color":"","background-image":"","background-repeat":"repeat","background-position":"center center","background-size":"auto","background-attachment":"scroll","background-type":"","background-media":"","overlay-type":"","overlay-color":"","overlay-opacity":"","overlay-gradient":""}},"ast-content-background-meta":{"desktop":{"background-color":"var(--ast-global-color-5)","background-image":"","background-repeat":"repeat","background-position":"center center","background-size":"auto","background-attachment":"scroll","background-type":"","background-media":"","overlay-type":"","overlay-color":"","overlay-opacity":"","overlay-gradient":""},"tablet":{"background-color":"var(--ast-global-color-5)","background-image":"","background-repeat":"repeat","background-position":"center center","background-size":"auto","background-attachment":"scroll","background-type":"","background-media":"","overlay-type":"","overlay-color":"","overlay-opacity":"","overlay-gradient":""},"mobile":{"background-color":"var(--ast-global-color-5)","background-image":"","background-repeat":"repeat","background-position":"center center","background-size":"auto","background-attachment":"scroll","background-type":"","background-media":"","overlay-type":"","overlay-color":"","overlay-opacity":"","overlay-gradient":""}}},"product_brand":[],"product_cat":[19,33],"product_tag":[],"class_list":{"0":"post-51785","1":"product","2":"type-product","3":"status-publish","4":"has-post-thumbnail","6":"product_cat-compressed-gases","7":"product_cat-group-licenses","8":"desktop-align-left","9":"tablet-align-left","10":"mobile-align-left","11":"ast-product-gallery-layout-horizontal-slider","12":"ast-product-gallery-with-no-image","13":"ast-magnify-disabled","15":"first","16":"instock","17":"virtual","18":"taxable","19":"purchasable","20":"product-type-license"},"_links":{"self":[{"href":"https:\/\/be.airproducts.online\/fr\/wp-json\/wp\/v2\/product\/51785","targetHints":{"allow":["GET"]}}],"collection":[{"href":"https:\/\/be.airproducts.online\/fr\/wp-json\/wp\/v2\/product"}],"about":[{"href":"https:\/\/be.airproducts.online\/fr\/wp-json\/wp\/v2\/types\/product"}],"wp:featuredmedia":[{"embeddable":true,"href":"https:\/\/be.airproducts.online\/fr\/wp-json\/wp\/v2\/media\/101"}],"wp:attachment":[{"href":"https:\/\/be.airproducts.online\/fr\/wp-json\/wp\/v2\/media?parent=51785"}],"wp:term":[{"taxonomy":"product_brand","embeddable":true,"href":"https:\/\/be.airproducts.online\/fr\/wp-json\/wp\/v2\/product_brand?post=51785"},{"taxonomy":"product_cat","embeddable":true,"href":"https:\/\/be.airproducts.online\/fr\/wp-json\/wp\/v2\/product_cat?post=51785"},{"taxonomy":"product_tag","embeddable":true,"href":"https:\/\/be.airproducts.online\/fr\/wp-json\/wp\/v2\/product_tag?post=51785"}],"curies":[{"name":"wp","href":"https:\/\/api.w.org\/{rel}","templated":true}]}}